{"id":47,"date":"2019-03-12T20:59:20","date_gmt":"2019-03-12T19:59:20","guid":{"rendered":"http:\/\/felix-leroy.com\/?page_id=47"},"modified":"2023-09-07T12:22:02","modified_gmt":"2023-09-07T10:22:02","slug":"publications","status":"publish","type":"page","link":"https:\/\/felix-leroy.com\/index.php\/publications\/","title":{"rendered":"List of publications"},"content":{"rendered":"\n<h2 class=\"wp-block-heading\">Preprints<\/h2>\n\n\n\n<p>\u00b7 Tobias Bock, Eric W. Buss, Olivia M. Lofaro, <strong>F\u00e9lix Leroy<\/strong>, Bina Santoro, Steven A. Siegelbaum. \u00a0<a href=\"https:\/\/www.biorxiv.org\/content\/10.1101\/2022.11.11.516205v1\" data-type=\"link\" data-id=\"https:\/\/www.biorxiv.org\/content\/10.1101\/2022.11.11.516205v1\">The HCN1 hyperpolarization-activated cyclic nucleotide-gated channel enhances evoked GABA release from parvalbumin positive interneurons.<\/a> <em>BioRxiv<\/em> 2022.11.11.516205; doi: 10.1101\/2022.11.11.516205<\/p>\n\n\n\n<p>\u00b7 Arun Asok, <strong>F\u00e9lix Leroy<\/strong>, Cameron Parro, Christopher A. de Solis, Lenzie Ford, Michelle N. Fitzpatrick, Abigail Kalmbach, Rachael Neve, Joseph B Rayman, Eric R. Kandel. <a href=\"https:\/\/www.biorxiv.org\/content\/10.1101\/2022.03.15.484224v1\" data-type=\"URL\" data-id=\"https:\/\/www.biorxiv.org\/content\/10.1101\/2022.03.15.484224v1\">A multisensory circuit for gating intense aversive experiences.<\/a>  <em>BioRxiv<\/em><strong> <\/strong>2021.05.01.441648; doi: 10.1101\/2021.05.01.441648<\/p>\n\n\n\n<h2 class=\"wp-block-heading\">Peer-reviewed publications<\/h2>\n\n\n\n<h2 class=\"wp-block-heading\">2023<\/h2>\n\n\n\n<p>\u00b7 Noelia Sofia de Le\u00f3n Reyes, Paula Sierra D\u00edaz, Ramon Nogueira, Antonia Ruiz-Pino, Yuki Nomura, Christopher de Solis, Jay Schulkin, Arun Asok, <strong>F\u00e9lix Leroy<\/strong>. Corticotropin-releasing hormone signaling from prefrontal cortex to lateral septum suppresses interaction with familiar mice. <em>Cell <\/em>2023. doi:10.1016\/j.cell.2023.08.010<\/p>\n\n\n\n<h2 class=\"wp-block-heading\">2022<\/h2>\n\n\n\n<p>\u00b7 Merseburg A, Kasemir J, Buss EW, <strong>Leroy F<\/strong>, Bock T, Porro A, Barnett A, Tr\u00f6der SE, Engeland B, Stockebrand M. Moroni A, Siegelbaum SA, Isbrandt D, Santoro B. <a rel=\"noreferrer noopener\" href=\"https:\/\/elifesciences.org\/articles\/70826\" data-type=\"URL\" data-id=\"https:\/\/elifesciences.org\/articles\/70826\" target=\"_blank\">Seizures, behavioral deficits and adverse drug responses in two new genetic mouse models of HCN1 epileptic encephalopathy. <\/a> <em>eLife<\/em> (2022)<strong> 11<\/strong>:e70826. https:\/\/doi.org\/10.7554\/eLife.70826<\/p>\n\n\n\n<p>\u00b7 Besnard A, <strong>Leroy F<\/strong>. <a href=\"https:\/\/www.nature.com\/articles\/s41380-022-01599-3\" data-type=\"URL\" data-id=\"https:\/\/www.nature.com\/articles\/s41380-022-01599-3\">Top-down regulation of motivated behaviors via lateral septum sub-circuits. <\/a>Perpective article in <em>Molecular Psychiatry<\/em> 2022. doi:10.1038\/s41380-022-01599-3. PMID: 35581296<\/p>\n\n\n\n<p>\u00b7 Lopez-Rojas J, de Solis CA, <strong>Leroy F<\/strong>, Kandel ER, Siegelbaum SA. <a href=\"https:\/\/www.sciencedirect.com\/science\/article\/pii\/S089662732200085X\" data-type=\"URL\" data-id=\"https:\/\/www.sciencedirect.com\/science\/article\/pii\/S089662732200085X\">A direct lateral entorhinal cortex to hippocampal CA2 circuit conveys social information required for social memory<\/a>. <em>Neuron<\/em> 2022 May 4;110(9):1559-1572.e4. PMID: 35180391<\/p>\n\n\n\n<h2 class=\"wp-block-heading\">2021<\/h2>\n\n\n\n<p>\u00b7 <strong>Leroy F, <\/strong>de Solis CA, Boyle LM, Bock Tobias, Lofaro OM, Buss EW, Asok A, Kandel ER, Siegelbaum SA. <a rel=\"noreferrer noopener\" href=\"https:\/\/www.nature.com\/articles\/s41380-021-01124-y\" data-type=\"URL\" data-id=\"https:\/\/www.nature.com\/articles\/s41380-021-01124-y\" target=\"_blank\">Enkephalin release from VIP interneurons in the hippocampal CA2\/3a region mediates heterosynaptic plasticity and social memory.<\/a> <em>Molecular Psychiatry<\/em> 2021, doi: 10.1038\/s41380-021-01124-y. PMID: 33990774<\/p>\n\n\n\n<h2 class=\"wp-block-heading\">2020<\/h2>\n\n\n\n<p>\u00b7 Oliva A, Fern\u00e1ndez-Ruiz A, <strong>Leroy F<\/strong>, Siegelbaum SA. <a rel=\"noreferrer noopener\" href=\"https:\/\/www.nature.com\/articles\/s41586-020-2758-y\" data-type=\"URL\" data-id=\"https:\/\/www.nature.com\/articles\/s41586-020-2758-y\" target=\"_blank\">Hippocampal CA2 sharp-wave ripples reactivate and promote social memory<\/a>. <em>Nature<\/em> 2020 Nov;587(7833):264-269. PMID: 32968277<\/p>\n\n\n\n<h3 class=\"wp-block-heading\">2019<\/h3>\n\n\n\n<p>\u00b7 Asok A, <strong>Leroy F<\/strong>, Rayman J and Kandel ER. <em><a rel=\"noreferrer noopener\" href=\"https:\/\/www.sciencedirect.com\/science\/article\/pii\/S0166223618302765?via%3Dihub\" data-type=\"URL\" data-id=\"https:\/\/www.sciencedirect.com\/science\/article\/pii\/S0166223618302765?via%3Dihub\" target=\"_blank\">Molecular Mechanisms of the Memory Trace<\/a><\/em>. <em>Trends in Neuroscience<\/em>. 2019 Jan;42(1):14-22. doi: 10.1016\/j.tins.2018.10.005. PMID:30391015<\/p>\n\n\n\n<h3 class=\"wp-block-heading\">2018<\/h3>\n\n\n\n<p>\u00b7 <strong>Leroy F<\/strong>, Park J, Asok A, Brann DH, Meira T, Boyle LM, Buss EW, Kandel ER and Siegelbaum SA. <a rel=\"noreferrer noopener\" href=\"https:\/\/www.nature.com\/articles\/s41586-018-0772-0\" data-type=\"URL\" data-id=\"https:\/\/www.nature.com\/articles\/s41586-018-0772-0\" target=\"_blank\">A circuit from hippocampal CA2 to lateral septum disinhibits social aggression<\/a>. <em>Nature<\/em>. 2018 Dec 5; 564(7735):213-218. PMID: 30518859.<\/p>\n\n\n\n<p>\u00b7 Meira T, <strong>Leroy F<\/strong>, Buss EW, Park J and Siegelbaum SA. <a rel=\"noreferrer noopener\" href=\"https:\/\/www.nature.com\/articles\/s41467-018-06501-w\" data-type=\"URL\" data-id=\"https:\/\/www.nature.com\/articles\/s41467-018-06501-w\" target=\"_blank\">A hippocampal circuit linking dorsal CA2 to ventral CA1 critical for social memory dynamics<\/a>. <em>Nature Communication<\/em>. 2018 Oct 9; 9(1):4163. PMID: 30301899<\/p>\n\n\n\n<p>\u00b7 Elgueta C, <strong>Leroy F<\/strong>, Vielma AH, Schmachtenberg O, Palacios AG. <a rel=\"noreferrer noopener\" href=\"https:\/\/www.nature.com\/articles\/s41598-018-21119-0\" data-type=\"URL\" data-id=\"https:\/\/www.nature.com\/articles\/s41598-018-21119-0\" target=\"_blank\">Electrical coupling between A17 cells enhances reciprocal inhibitory feedback to rod bipolar cells<\/a>. <em>Science Report<\/em>. 2018 Feb 15; 8(1):3123. PMID: 29449585.<\/p>\n\n\n\n<h3 class=\"wp-block-heading\">2017<\/h3>\n\n\n\n<p>\u00b7 Clark A, <strong>Leroy F<\/strong>, Martyniuk K, Feng W, McManus E, Bailey M, Javitch J, Balsam P and Kellendonk C. <a rel=\"noreferrer noopener\" href=\"https:\/\/www.eneuro.org\/content\/4\/5\/ENEURO.0227-17.2017.long\" data-type=\"URL\" data-id=\"https:\/\/www.eneuro.org\/content\/4\/5\/ENEURO.0227-17.2017.long\" target=\"_blank\">Dopamine D2 receptors in the paraventricular thalamus attenuate cocaine locomotor sensitization<\/a>. <em>eNeuro<\/em>. 2017 Oct 17; 24; 4(5). PMID: 29071300.<\/p>\n\n\n\n<p>\u00b7 <strong>Leroy F<\/strong>, Brann DH, Meira T and Siegelbaum SA.<em> <a rel=\"noreferrer noopener\" href=\"https:\/\/www.sciencedirect.com\/science\/article\/pii\/S0896627317306840\" data-type=\"URL\" data-id=\"https:\/\/www.sciencedirect.com\/science\/article\/pii\/S0896627317306840\" target=\"_blank\">Input-timing dependent plasticity in the hippocampal CA2 region and its potential role in social memor<\/a>y. Neuron<\/em>. 2017 Aug 30; 95(5):1089-1102.e5. PMID: 28823730.<\/p>\n\n\n\n<h3 class=\"wp-block-heading\">2016<\/h3>\n\n\n\n<p>\u00b7 <strong>Leroy F<\/strong>, Lamotte d&#8217;Incamps B. <a rel=\"noreferrer noopener\" href=\"https:\/\/www.jove.com\/t\/54525\/the-preparation-oblique-spinal-cord-slices-for-ventral-root\" data-type=\"URL\" data-id=\"https:\/\/www.jove.com\/t\/54525\/the-preparation-oblique-spinal-cord-slices-for-ventral-root\" target=\"_blank\">The Preparation of Oblique Spinal Cord Slices for Ventral Root Stimulation.<\/a> <em>Journal of Visual Experiments<\/em>. 2016 Oct 13; (116). PMID:27768090.<\/p>\n\n\n\n<h3 class=\"wp-block-heading\">2015<\/h3>\n\n\n\n<p>\u00b7 <strong>Leroy F<\/strong>, Lamotte d\u2019Incamps B and Zytnicki D. <a rel=\"noreferrer noopener\" href=\"https:\/\/journals.physiology.org\/doi\/full\/10.1152\/jn.00193.2015\" data-type=\"URL\" data-id=\"https:\/\/journals.physiology.org\/doi\/full\/10.1152\/jn.00193.2015\" target=\"_blank\">Potassium currents dynamically set the recruitment and firing properties of F-type motoneurons in neonatal mice.<\/a> <em>Journal of Neurophysiology<\/em>. 2015 Sep; 114(3):1963-73. PMID: 26269551.<\/p>\n\n\n\n<p>\u00b7 <strong>Leroy F<\/strong> and Zytnicki D. <em><a rel=\"noreferrer noopener\" href=\"https:\/\/www.nrronline.org\/article.asp?issn=1673-5374;year=2015;volume=10;issue=9;spage=1413;epage=1415;aulast=Leroy\" data-type=\"URL\" data-id=\"https:\/\/www.nrronline.org\/article.asp?issn=1673-5374;year=2015;volume=10;issue=9;spage=1413;epage=1415;aulast=Leroy\" target=\"_blank\">I<\/a><\/em><a rel=\"noreferrer noopener\" href=\"https:\/\/www.nrronline.org\/article.asp?issn=1673-5374;year=2015;volume=10;issue=9;spage=1413;epage=1415;aulast=Leroy\" data-type=\"URL\" data-id=\"https:\/\/www.nrronline.org\/article.asp?issn=1673-5374;year=2015;volume=10;issue=9;spage=1413;epage=1415;aulast=Leroy\" target=\"_blank\">s hyperexcitability really guilty in amyotrophic lateral sclerosis? <\/a><em>Neural Regeneration Research<\/em>. 2015 Sep; 10(9):1413-5. PMID: 26604899.<\/p>\n\n\n\n<h3 class=\"wp-block-heading\">2014<\/h3>\n\n\n\n<p>\u00b7 <strong>Leroy F<\/strong>, Lamotte d\u2019Incamps B, Imhoff-Manuel R and Zytnicki D. <a rel=\"noreferrer noopener\" href=\"https:\/\/elifesciences.org\/articles\/04046v1\" data-type=\"URL\" data-id=\"https:\/\/elifesciences.org\/articles\/04046v1\" target=\"_blank\">Early intrinsic hyperexcitability does not contribute to motoneuron degeneration in amyotrophic lateral sclerosis<\/a>. eLife 2014 Oct 14; (3). PMID: 25313866.<\/p>\n\n\n\n<h3 class=\"wp-block-heading\">2013<\/h3>\n\n\n\n<p>\u00b7 Branchu J, Biondi O, Chali F, Collin T, <strong>Leroy F<\/strong>, Mamchaoui K, Makoukji J, Pariset C, Lopes P, Massaad C, Chanoine C, Charbonnier F. <a rel=\"noreferrer noopener\" href=\"https:\/\/www.jneurosci.org\/content\/33\/10\/4280.long\" data-type=\"URL\" data-id=\"https:\/\/www.jneurosci.org\/content\/33\/10\/4280.long\" target=\"_blank\">Shift from extracellular signal-regulated kinase to AKT\/cAMP response element-binding protein pathway increases survival-motor-neuron expression in spinal-muscular-atrophy-like mice and patient cells.<\/a> J. Neurosci. 2013 Mar 6; 33(10):4280-94. PMID:23467345.<\/p>\n\n\n\n<h3 class=\"wp-block-heading\">2012<\/h3>\n\n\n\n<p>\u00b7 Bouthour W*, <strong>Leroy F<\/strong>*, Emmanuelli C, Carnaud M, Dahan M, Poncer J.C and L\u00e9vi S.<em> <a rel=\"noreferrer noopener\" href=\"https:\/\/academic.oup.com\/cercor\/article-lookup\/doi\/10.1093\/cercor\/bhr225\" data-type=\"URL\" data-id=\"https:\/\/academic.oup.com\/cercor\/article-lookup\/doi\/10.1093\/cercor\/bhr225\" target=\"_blank\">A human mutation in Gabrg2 associated with generalized epilepsy alters the membrane dynamics of GABAA receptors.<\/a> Cerebral Cortex<\/em>. 2012 Jul; 22(7):1542-53. PMID: 21908847 (*co-first authors).<\/p>\n\n\n\n<h3 class=\"wp-block-heading\">2010<\/h3>\n\n\n\n<p>\u00b7 Nishijima T, Piriz J, Duflot S, Fernandez A.M, Gaitan G, Gomez-Pinedo U, Garcia Verdugo J.M, <strong>Leroy F<\/strong>, Soya H, Nu\u00f1ez A and Torres-Aleman I. <a rel=\"noreferrer noopener\" href=\"https:\/\/www.sciencedirect.com\/science\/article\/pii\/S0896627310006173?via%3Dihub\" data-type=\"URL\" data-id=\"https:\/\/www.sciencedirect.com\/science\/article\/pii\/S0896627310006173?via%3Dihub\" target=\"_blank\">Neuronal Activity Drives Localized Blood-Brain-Barrier Transport of Serum Insulin-like Growth Factor-I into the CNS.<\/a> Neuron 2010 Sep 9; 67(5):834-46 PMID: 20826314.<\/p>\n\n\n\n<h3 class=\"wp-block-heading\">2009<\/h3>\n\n\n\n<p>\u00b7 Manuel M, Iglesias C, Donnet M, <strong>Leroy F<\/strong>, Heckman CJ, Zytnicki D. <a rel=\"noreferrer noopener\" href=\"https:\/\/www.jneurosci.org\/content\/29\/36\/11246.long\" data-type=\"URL\" data-id=\"https:\/\/www.jneurosci.org\/content\/29\/36\/11246.long\" target=\"_blank\">Fast kinetics, high-frequency oscillations, and subprimary firing range in adult mouse spinal motoneurons.<\/a> Journal of Neuroscience. 2009 Sep 9; 29(36):11246-56. PMID: 19741131.<\/p>\n\n\n\n<p><\/p>\n","protected":false},"excerpt":{"rendered":"<p>Preprints \u00b7 Tobias Bock, Eric W. Buss, Olivia M. Lofaro, F\u00e9lix Leroy, Bina Santoro, Steven A. Siegelbaum. \u00a0The HCN1 hyperpolarization-activated cyclic nucleotide-gated channel enhances evoked GABA release from parvalbumin positive interneurons. BioRxiv 2022.11.11.516205; doi: 10.1101\/2022.11.11.516205 \u00b7 Arun Asok, F\u00e9lix Leroy, Cameron Parro, Christopher A. de Solis, Lenzie Ford, Michelle N. Fitzpatrick, Abigail Kalmbach, Rachael Neve, &hellip; <\/p>\n<p class=\"link-more\"><a href=\"https:\/\/felix-leroy.com\/index.php\/publications\/\" class=\"more-link\">Continue reading<span class=\"screen-reader-text\"> &#8220;List of publications&#8221;<\/span><\/a><\/p>\n","protected":false},"author":1,"featured_media":0,"parent":0,"menu_order":0,"comment_status":"closed","ping_status":"closed","template":"","meta":{"footnotes":""},"class_list":["post-47","page","type-page","status-publish","hentry"],"_links":{"self":[{"href":"https:\/\/felix-leroy.com\/index.php\/wp-json\/wp\/v2\/pages\/47","targetHints":{"allow":["GET"]}}],"collection":[{"href":"https:\/\/felix-leroy.com\/index.php\/wp-json\/wp\/v2\/pages"}],"about":[{"href":"https:\/\/felix-leroy.com\/index.php\/wp-json\/wp\/v2\/types\/page"}],"author":[{"embeddable":true,"href":"https:\/\/felix-leroy.com\/index.php\/wp-json\/wp\/v2\/users\/1"}],"replies":[{"embeddable":true,"href":"https:\/\/felix-leroy.com\/index.php\/wp-json\/wp\/v2\/comments?post=47"}],"version-history":[{"count":25,"href":"https:\/\/felix-leroy.com\/index.php\/wp-json\/wp\/v2\/pages\/47\/revisions"}],"predecessor-version":[{"id":378,"href":"https:\/\/felix-leroy.com\/index.php\/wp-json\/wp\/v2\/pages\/47\/revisions\/378"}],"wp:attachment":[{"href":"https:\/\/felix-leroy.com\/index.php\/wp-json\/wp\/v2\/media?parent=47"}],"curies":[{"name":"wp","href":"https:\/\/api.w.org\/{rel}","templated":true}]}}